{"id":2,"date":"2017-05-31T17:53:31","date_gmt":"2017-05-31T15:53:31","guid":{"rendered":"http:\/\/localhost\/linck\/?page_id=2"},"modified":"2017-09-28T09:21:20","modified_gmt":"2017-09-28T07:21:20","slug":"transport-routier","status":"publish","type":"page","link":"https:\/\/transports-linck.fr\/de\/transport-routier\/","title":{"rendered":"Transport routier"},"content":{"rendered":"","protected":false},"excerpt":{"rendered":"","protected":false},"author":2,"featured_media":0,"parent":0,"menu_order":0,"comment_status":"closed","ping_status":"closed","template":"tpl-contenu.php","meta":{"_acf_changed":false,"footnotes":""},"class_list":["post-2","page","type-page","status-publish","hentry"],"acf":[],"yoast_head":"<!-- This site is optimized with the Yoast SEO plugin v27.1.1 - https:\/\/yoast.com\/product\/yoast-seo-wordpress\/ -->\n<title>Transport routier - Transports Linck<\/title>\n<meta name=\"description\" content=\"Soci\u00e9t\u00e9 de transport routier r\u00e9gional, national et international sp\u00e9cialis\u00e9e dans l&#039;express, les lots et chargements volumineux - bas\u00e9e \u00e0 Illkirch.\" \/>\n<meta name=\"robots\" content=\"index, follow, max-snippet:-1, max-image-preview:large, max-video-preview:-1\" \/>\n<link rel=\"canonical\" href=\"https:\/\/transports-linck.fr\/de\/transport-routier\/\" \/>\n<meta property=\"og:locale\" content=\"de_DE\" \/>\n<meta property=\"og:type\" content=\"article\" \/>\n<meta property=\"og:title\" content=\"Transport routier - Transports Linck\" \/>\n<meta property=\"og:description\" content=\"Soci\u00e9t\u00e9 de transport routier r\u00e9gional, national et international sp\u00e9cialis\u00e9e dans l&#039;express, les lots et chargements volumineux - bas\u00e9e \u00e0 Illkirch.\" \/>\n<meta property=\"og:url\" content=\"https:\/\/transports-linck.fr\/de\/transport-routier\/\" \/>\n<meta property=\"og:site_name\" content=\"Transports Linck\" \/>\n<meta property=\"article:modified_time\" content=\"2017-09-28T07:21:20+00:00\" \/>\n<meta name=\"twitter:card\" content=\"summary_large_image\" \/>\n<script type=\"application\/ld+json\" class=\"yoast-schema-graph\">{\"@context\":\"https:\/\/schema.org\",\"@graph\":[{\"@type\":\"WebPage\",\"@id\":\"https:\/\/transports-linck.fr\/de\/transport-routier\/\",\"url\":\"https:\/\/transports-linck.fr\/de\/transport-routier\/\",\"name\":\"Transport routier - Transports Linck\",\"isPartOf\":{\"@id\":\"https:\/\/transports-linck.fr\/#website\"},\"datePublished\":\"2017-05-31T15:53:31+00:00\",\"dateModified\":\"2017-09-28T07:21:20+00:00\",\"description\":\"Soci\u00e9t\u00e9 de transport routier r\u00e9gional, national et international sp\u00e9cialis\u00e9e dans l'express, les lots et chargements volumineux - bas\u00e9e \u00e0 Illkirch.\",\"breadcrumb\":{\"@id\":\"https:\/\/transports-linck.fr\/de\/transport-routier\/#breadcrumb\"},\"inLanguage\":\"de-DE\",\"potentialAction\":[{\"@type\":\"ReadAction\",\"target\":[\"https:\/\/transports-linck.fr\/de\/transport-routier\/\"]}]},{\"@type\":\"BreadcrumbList\",\"@id\":\"https:\/\/transports-linck.fr\/de\/transport-routier\/#breadcrumb\",\"itemListElement\":[{\"@type\":\"ListItem\",\"position\":1,\"name\":\"Accueil\",\"item\":\"https:\/\/transports-linck.fr\/\"},{\"@type\":\"ListItem\",\"position\":2,\"name\":\"Transport routier\"}]},{\"@type\":\"WebSite\",\"@id\":\"https:\/\/transports-linck.fr\/#website\",\"url\":\"https:\/\/transports-linck.fr\/\",\"name\":\"Transports Linck\",\"description\":\"\",\"potentialAction\":[{\"@type\":\"SearchAction\",\"target\":{\"@type\":\"EntryPoint\",\"urlTemplate\":\"https:\/\/transports-linck.fr\/?s={search_term_string}\"},\"query-input\":{\"@type\":\"PropertyValueSpecification\",\"valueRequired\":true,\"valueName\":\"search_term_string\"}}],\"inLanguage\":\"de-DE\"}]}<\/script>\n<!-- \/ Yoast SEO plugin. -->","yoast_head_json":{"title":"Transport routier - Transports Linck","description":"Soci\u00e9t\u00e9 de transport routier r\u00e9gional, national et international sp\u00e9cialis\u00e9e dans l'express, les lots et chargements volumineux - bas\u00e9e \u00e0 Illkirch.","robots":{"index":"index","follow":"follow","max-snippet":"max-snippet:-1","max-image-preview":"max-image-preview:large","max-video-preview":"max-video-preview:-1"},"canonical":"https:\/\/transports-linck.fr\/de\/transport-routier\/","og_locale":"de_DE","og_type":"article","og_title":"Transport routier - Transports Linck","og_description":"Soci\u00e9t\u00e9 de transport routier r\u00e9gional, national et international sp\u00e9cialis\u00e9e dans l'express, les lots et chargements volumineux - bas\u00e9e \u00e0 Illkirch.","og_url":"https:\/\/transports-linck.fr\/de\/transport-routier\/","og_site_name":"Transports Linck","article_modified_time":"2017-09-28T07:21:20+00:00","twitter_card":"summary_large_image","schema":{"@context":"https:\/\/schema.org","@graph":[{"@type":"WebPage","@id":"https:\/\/transports-linck.fr\/de\/transport-routier\/","url":"https:\/\/transports-linck.fr\/de\/transport-routier\/","name":"Transport routier - Transports Linck","isPartOf":{"@id":"https:\/\/transports-linck.fr\/#website"},"datePublished":"2017-05-31T15:53:31+00:00","dateModified":"2017-09-28T07:21:20+00:00","description":"Soci\u00e9t\u00e9 de transport routier r\u00e9gional, national et international sp\u00e9cialis\u00e9e dans l'express, les lots et chargements volumineux - bas\u00e9e \u00e0 Illkirch.","breadcrumb":{"@id":"https:\/\/transports-linck.fr\/de\/transport-routier\/#breadcrumb"},"inLanguage":"de-DE","potentialAction":[{"@type":"ReadAction","target":["https:\/\/transports-linck.fr\/de\/transport-routier\/"]}]},{"@type":"BreadcrumbList","@id":"https:\/\/transports-linck.fr\/de\/transport-routier\/#breadcrumb","itemListElement":[{"@type":"ListItem","position":1,"name":"Accueil","item":"https:\/\/transports-linck.fr\/"},{"@type":"ListItem","position":2,"name":"Transport routier"}]},{"@type":"WebSite","@id":"https:\/\/transports-linck.fr\/#website","url":"https:\/\/transports-linck.fr\/","name":"Transports Linck","description":"","potentialAction":[{"@type":"SearchAction","target":{"@type":"EntryPoint","urlTemplate":"https:\/\/transports-linck.fr\/?s={search_term_string}"},"query-input":{"@type":"PropertyValueSpecification","valueRequired":true,"valueName":"search_term_string"}}],"inLanguage":"de-DE"}]}},"_links":{"self":[{"href":"https:\/\/transports-linck.fr\/de\/wp-json\/wp\/v2\/pages\/2","targetHints":{"allow":["GET"]}}],"collection":[{"href":"https:\/\/transports-linck.fr\/de\/wp-json\/wp\/v2\/pages"}],"about":[{"href":"https:\/\/transports-linck.fr\/de\/wp-json\/wp\/v2\/types\/page"}],"author":[{"embeddable":true,"href":"https:\/\/transports-linck.fr\/de\/wp-json\/wp\/v2\/users\/2"}],"replies":[{"embeddable":true,"href":"https:\/\/transports-linck.fr\/de\/wp-json\/wp\/v2\/comments?post=2"}],"version-history":[{"count":12,"href":"https:\/\/transports-linck.fr\/de\/wp-json\/wp\/v2\/pages\/2\/revisions"}],"predecessor-version":[{"id":186,"href":"https:\/\/transports-linck.fr\/de\/wp-json\/wp\/v2\/pages\/2\/revisions\/186"}],"wp:attachment":[{"href":"https:\/\/transports-linck.fr\/de\/wp-json\/wp\/v2\/media?parent=2"}],"curies":[{"name":"wp","href":"https:\/\/api.w.org\/{rel}","templated":true}]}}